{"id":88,"date":"2023-10-22T18:48:51","date_gmt":"2023-10-22T18:48:51","guid":{"rendered":"https:\/\/oprema-alati.com\/?page_id=88"},"modified":"2023-10-27T14:20:50","modified_gmt":"2023-10-27T14:20:50","slug":"kontakt","status":"publish","type":"page","link":"https:\/\/oprema-alati.com\/index.php\/kontakt\/","title":{"rendered":"KONTAKT"},"content":{"rendered":"\n<p class=\"has-normal-font-size\">Za sve detaljne informacije, tra\u017eene ponude i tehni\u010dke karakteristike za pojedine proizvode,<br>kao i za sve upite i narud\u017ebe, bez ustru\u010davanja nam se javite na:<br><br><strong>oprema.alati@gmail.com<\/strong><br><br><strong>098\/9833-684<\/strong><br><\/p>\n","protected":false},"excerpt":{"rendered":"<p>Za sve detaljne informacije, tra\u017eene ponude i tehni\u010dke karakteristike za pojedine proizvode,kao i za sve upite i narud\u017ebe, bez ustru\u010davanja nam se javite na: oprema.alati@gmail.com 098\/9833-684<\/p>\n","protected":false},"author":1,"featured_media":0,"parent":0,"menu_order":0,"comment_status":"closed","ping_status":"closed","template":"","meta":{"bgseo_title":"","bgseo_description":"","bgseo_robots_index":"index","bgseo_robots_follow":"follow","footnotes":""},"class_list":["post-88","page","type-page","status-publish","hentry"],"_links":{"self":[{"href":"https:\/\/oprema-alati.com\/index.php\/wp-json\/wp\/v2\/pages\/88","targetHints":{"allow":["GET"]}}],"collection":[{"href":"https:\/\/oprema-alati.com\/index.php\/wp-json\/wp\/v2\/pages"}],"about":[{"href":"https:\/\/oprema-alati.com\/index.php\/wp-json\/wp\/v2\/types\/page"}],"author":[{"embeddable":true,"href":"https:\/\/oprema-alati.com\/index.php\/wp-json\/wp\/v2\/users\/1"}],"replies":[{"embeddable":true,"href":"https:\/\/oprema-alati.com\/index.php\/wp-json\/wp\/v2\/comments?post=88"}],"version-history":[{"count":1,"href":"https:\/\/oprema-alati.com\/index.php\/wp-json\/wp\/v2\/pages\/88\/revisions"}],"predecessor-version":[{"id":90,"href":"https:\/\/oprema-alati.com\/index.php\/wp-json\/wp\/v2\/pages\/88\/revisions\/90"}],"wp:attachment":[{"href":"https:\/\/oprema-alati.com\/index.php\/wp-json\/wp\/v2\/media?parent=88"}],"curies":[{"name":"wp","href":"https:\/\/api.w.org\/{rel}","templated":true}]}}