{"id":77,"date":"2023-10-22T18:30:43","date_gmt":"2023-10-22T18:30:43","guid":{"rendered":"https:\/\/oprema-alati.com\/?page_id=77"},"modified":"2023-10-27T14:20:18","modified_gmt":"2023-10-27T14:20:18","slug":"o-nama","status":"publish","type":"page","link":"https:\/\/oprema-alati.com\/index.php\/o-nama\/","title":{"rendered":"O NAMA"},"content":{"rendered":"\n<p><strong>OPREMA ALATI<\/strong> je online portal osmi\u0161ljen kako bi korisnicima ponudio ideje I olak\u0161ao pronalazak alata i opreme za izvo\u0111enje radova <strong>na podru\u010dju<\/strong> <strong>elektrike, elektroenergetike, gra\u0111evine i komunalnih radova. <\/strong>Pri tome, va\u017ean naglasak bit \u0107e stavljen na novitete i inovacijska idejna rje\u0161enja. Korisnicima, klijentima, kupcima bezuvjetno stojimo na raspolaganju za sve informacije vezane oko cjelokupne ponude kao i pronalaska mogu\u0107ih novih proizvoda u svrhe rje\u0161avanja njihovi problema i zadovoljavanja potreba i \u017eelja.<\/p>\n\n\n\n<p><strong>ODNOS S KUPCIMA<\/strong><\/p>\n\n\n\n<p><strong>Fotografije<\/strong> <strong>i tehni\u010dki opis<\/strong> na stranici predstavljaju ponu\u0111ene proizvode, no stranica zadr\u017eava pravo njihove izmjene, kao i a\u017eurirane izmjene tehni\u010dkih karakteristika i opisa, kao posljedica mogu\u0107ih&nbsp; izmjena tipova proizvoda i dimenzija s obzirom na eventualnu promjenu tehnolo\u0161kih postupaka od strane proizvo\u0111a\u010da i stanja na globalnom tr\u017ei\u0161tu (zbog u\u010destale promjene cijena energenata, sirovina i transporta).<br><br><strong>Reklamacije<\/strong> uva\u017eavamo isklju\u010divo u slu\u010daju tehni\u010dke neispravnosti proizvod i\/ili nedostatka pojedinih njegovih djelova koji ograni\u010davaju njegovu funkciju.  Svi proizvodi koje isporu\u010dujemo su <strong>novi<\/strong>, <strong>zapakirani<\/strong>,<strong> ne kori\u0161teni<\/strong>! <strong>Uz proizvode koji su navedeni u ponudi, mogu\u0107a je dobava i ostalih njihovih varijanti i modela na poseban zahtjev kupca. <\/strong><br><br><strong>PRAVILA PRIVATNOSTI<\/strong><\/p>\n\n\n\n<p>U skladu s novom EU regulativom od 25.05.2018. godine, vezano za za\u0161titu osobnih podataka, Kako Webshop svoje poslovanje uskla\u0111uje s <strong>GDPR uredbom<\/strong> (General Data Protection Regulation).<\/p>\n\n\n\n<p>Ovim putem vam jam\u010dimo da ne koristimo bilokakve &#8220;kola\u010dei\u0107e&#8221; u svrhu pra\u0107enja korisnika te da va\u0161u e-mail adresu, ukoliko se ona nalazi u na\u0161oj bazi, ne\u0107emo koristiti u druge svrhe. U slu\u010daju da \u017eelite ostati primatelj na\u0161eg newslettera, ne morate poduzeti nikakvu akciju po primitku ovog emaila. Ukoliko se \u017eelite odjaviti s liste primatelja, mo\u017eete se odjaviti ovdje (oprema.alati@gmail.com).<\/p>\n\n\n\n<p>Svi podaci koje koristimo su za\u0161ti\u0107eni po najvi\u0161im standardima za\u0161tite osobnih podataka i iste ne dijelimo, osim kada je to nu\u017eno kako bi izvr\u0161ili tra\u017eenu uslugu prema vama. Primjerice, s dostavnom slu\u017ebom (<strong>HP,<\/strong> <strong>HP express, Paket24, DPD, Gebruederweiss, Lagermax, Intereuropa<\/strong>\u2026) dijelimo va\u0161e nazna\u010deno ime\/naziv poduze\u0107a, adresu dostave i broj telefona, kako bismo mogli isporu\u010diti va\u0161u narud\u017ebu.<\/p>\n\n\n\n<p>U slu\u010daju potrebe za detaljnijim informacijama i tehni\u010dkim karakteristikama za pojedine proizvode, <strong>preporu\u010dujemo<\/strong> da se javite neki od kontakata: <strong>oprema.alati@gmail.com i\/ili 098\/9833-684.<\/strong><\/p>\n","protected":false},"excerpt":{"rendered":"<p>OPREMA ALATI je online portal osmi\u0161ljen kako bi korisnicima ponudio ideje I olak\u0161ao pronalazak alata i opreme za izvo\u0111enje radova na podru\u010dju elektrike, elektroenergetike, gra\u0111evine i komunalnih radova. Pri tome, va\u017ean naglasak bit \u0107e stavljen na novitete i inovacijska idejna rje\u0161enja. Korisnicima, klijentima, kupcima bezuvjetno stojimo na raspolaganju za sve informacije vezane oko cjelokupne ponude [&hellip;]<\/p>\n","protected":false},"author":1,"featured_media":0,"parent":0,"menu_order":0,"comment_status":"closed","ping_status":"closed","template":"","meta":{"bgseo_title":"","bgseo_description":"","bgseo_robots_index":"index","bgseo_robots_follow":"follow","footnotes":""},"class_list":["post-77","page","type-page","status-publish","hentry"],"_links":{"self":[{"href":"https:\/\/oprema-alati.com\/index.php\/wp-json\/wp\/v2\/pages\/77","targetHints":{"allow":["GET"]}}],"collection":[{"href":"https:\/\/oprema-alati.com\/index.php\/wp-json\/wp\/v2\/pages"}],"about":[{"href":"https:\/\/oprema-alati.com\/index.php\/wp-json\/wp\/v2\/types\/page"}],"author":[{"embeddable":true,"href":"https:\/\/oprema-alati.com\/index.php\/wp-json\/wp\/v2\/users\/1"}],"replies":[{"embeddable":true,"href":"https:\/\/oprema-alati.com\/index.php\/wp-json\/wp\/v2\/comments?post=77"}],"version-history":[{"count":4,"href":"https:\/\/oprema-alati.com\/index.php\/wp-json\/wp\/v2\/pages\/77\/revisions"}],"predecessor-version":[{"id":728,"href":"https:\/\/oprema-alati.com\/index.php\/wp-json\/wp\/v2\/pages\/77\/revisions\/728"}],"wp:attachment":[{"href":"https:\/\/oprema-alati.com\/index.php\/wp-json\/wp\/v2\/media?parent=77"}],"curies":[{"name":"wp","href":"https:\/\/api.w.org\/{rel}","templated":true}]}}